{"id":2,"date":"2023-12-11T17:17:48","date_gmt":"2023-12-11T17:17:48","guid":{"rendered":"https:\/\/web4.rkinformatika.net\/evols360\/?page_id=2"},"modified":"2024-01-22T08:27:53","modified_gmt":"2024-01-22T08:27:53","slug":"inicio","status":"publish","type":"page","link":"https:\/\/evols360.com\/eu\/","title":{"rendered":"Hasiera"},"content":{"rendered":"<div data-elementor-type=\"wp-page\" data-elementor-id=\"2\" class=\"elementor elementor-2\" data-elementor-post-type=\"page\">\n\t\t\t\t<div class=\"elementor-element elementor-element-9f391e9 e-flex e-con-boxed e-con e-parent\" data-id=\"9f391e9\" data-element_type=\"container\" data-e-type=\"container\" data-settings=\"{&quot;background_background&quot;:&quot;classic&quot;}\">\n\t\t\t\t\t<div class=\"e-con-inner\">\n\t\t\t\t\t<\/div>\n\t\t\t\t<\/div>\n\t\t\t\t<section class=\"elementor-section elementor-top-section elementor-element elementor-element-b309c82 elementor-section-full_width elementor-section-height-default elementor-section-height-default\" data-id=\"b309c82\" data-element_type=\"section\" data-e-type=\"section\">\n\t\t\t\t\t\t<div class=\"elementor-container elementor-column-gap-default\">\n\t\t\t\t\t<div class=\"elementor-column elementor-col-33 elementor-top-column elementor-element elementor-element-94f2365\" data-id=\"94f2365\" data-element_type=\"column\" data-e-type=\"column\">\n\t\t\t<div class=\"elementor-widget-wrap elementor-element-populated\">\n\t\t\t\t\t\t<div class=\"elementor-element elementor-element-d97f43f elementor-widget-divider--view-line elementor-widget elementor-widget-divider\" data-id=\"d97f43f\" data-element_type=\"widget\" data-e-type=\"widget\" data-widget_type=\"divider.default\">\n\t\t\t\t<div class=\"elementor-widget-container\">\n\t\t\t\t\t\t\t<div class=\"elementor-divider\">\n\t\t\t<span class=\"elementor-divider-separator\">\n\t\t\t\t\t\t<\/span>\n\t\t<\/div>\n\t\t\t\t\t\t<\/div>\n\t\t\t\t<\/div>\n\t\t\t\t\t<\/div>\n\t\t<\/div>\n\t\t\t\t<div class=\"elementor-column elementor-col-33 elementor-top-column elementor-element elementor-element-9ca651a\" data-id=\"9ca651a\" data-element_type=\"column\" data-e-type=\"column\">\n\t\t\t<div class=\"elementor-widget-wrap elementor-element-populated\">\n\t\t\t\t\t\t<div class=\"elementor-element elementor-element-dc16333 elementor-widget elementor-widget-heading\" data-id=\"dc16333\" data-element_type=\"widget\" data-e-type=\"widget\" data-widget_type=\"heading.default\">\n\t\t\t\t<div class=\"elementor-widget-container\">\n\t\t\t\t\t<h2 class=\"elementor-heading-title elementor-size-default\">Nortzuk gara<\/h2>\t\t\t\t<\/div>\n\t\t\t\t<\/div>\n\t\t\t\t\t<\/div>\n\t\t<\/div>\n\t\t\t\t<div class=\"elementor-column elementor-col-33 elementor-top-column elementor-element elementor-element-7ab07a7\" data-id=\"7ab07a7\" data-element_type=\"column\" data-e-type=\"column\">\n\t\t\t<div class=\"elementor-widget-wrap elementor-element-populated\">\n\t\t\t\t\t\t<div class=\"elementor-element elementor-element-d5da2ce elementor-widget-divider--view-line elementor-widget elementor-widget-divider\" data-id=\"d5da2ce\" data-element_type=\"widget\" data-e-type=\"widget\" data-widget_type=\"divider.default\">\n\t\t\t\t<div class=\"elementor-widget-container\">\n\t\t\t\t\t\t\t<div class=\"elementor-divider\">\n\t\t\t<span class=\"elementor-divider-separator\">\n\t\t\t\t\t\t<\/span>\n\t\t<\/div>\n\t\t\t\t\t\t<\/div>\n\t\t\t\t<\/div>\n\t\t\t\t\t<\/div>\n\t\t<\/div>\n\t\t\t\t\t<\/div>\n\t\t<\/section>\n\t\t<div class=\"elementor-element elementor-element-0e53074 e-flex e-con-boxed e-con e-parent\" data-id=\"0e53074\" data-element_type=\"container\" data-e-type=\"container\">\n\t\t\t\t\t<div class=\"e-con-inner\">\n\t\t<div class=\"elementor-element elementor-element-fb1d0d9 e-con-full e-flex e-con e-child\" data-id=\"fb1d0d9\" data-element_type=\"container\" data-e-type=\"container\">\n\t\t\t\t<div class=\"elementor-element elementor-element-d523e41 elementor-widget elementor-widget-text-editor\" data-id=\"d523e41\" data-element_type=\"widget\" data-e-type=\"widget\" data-widget_type=\"text-editor.default\">\n\t\t\t\t<div class=\"elementor-widget-container\">\n\t\t\t\t\t\t\t\t\t<p><span style=\"font-family: Times New Roman, serif;\"><span style=\"font-size: medium;\"><span style=\"font-family: Arial, serif;\"><span style=\"font-size: small;\">Atsegin handiz aurkezten dugu geure burua tresnei eusteko espezialistatzat.<\/span><\/span><\/span><\/span><\/p><p><span style=\"font-family: Times New Roman, serif;\"><span style=\"font-size: medium;\"><span style=\"font-family: Arial, serif;\"><span style=\"font-size: small;\">Kalitate handiko produktuen aukera zabala eskaintzen dugu, hala nola:<\/span><\/span><\/span><\/span><\/p><p><span style=\"font-family: Times New Roman, serif;\"><span style=\"font-size: medium;\"><span style=\"font-family: Arial, serif;\"><span style=\"font-size: small;\"> \u2013 Erreminta-euskarria<\/span><\/span> <\/span><\/span><\/p><p><span style=\"font-family: Times New Roman, serif;\"><span style=\"font-size: medium;\"><span style=\"font-family: Arial, serif;\"><span style=\"font-size: small;\"> \u2013 Indukzio-makinak.<\/span><\/span><\/span><\/span><\/p><p><span style=\"font-family: Times New Roman, serif;\"><span style=\"font-size: medium;\"><span style=\"font-family: Arial, serif;\"><span style=\"font-size: small;\"> \u2013 Presetting-ekipoak.<\/span><\/span><\/span><\/span><\/p><p><span style=\"font-family: Times New Roman, serif;\"><span style=\"font-size: medium;\"><span style=\"font-family: Arial, serif;\"><span style=\"font-size: small;\"> \u2013 Orekatzeko makinak.<\/span><\/span><\/span><\/span><\/p><p><span style=\"font-family: Times New Roman, serif;\"><span style=\"font-size: medium;\"><span style=\"font-family: Arial, serif;\"><span style=\"font-size: small;\"> \u2013 Ebaketa-erremintak<\/span><\/span><\/span><\/span><\/p><p><span style=\"font-family: Times New Roman, serif;\"><span style=\"font-size: medium;\"><span style=\"font-family: Arial, serif;\"><span style=\"font-size: small;\"> \u2013 Eta askoz gehiago...<\/span><\/span><\/span><\/span><\/p><p><span style=\"font-family: Times New Roman, serif;\"><span style=\"font-size: medium;\"><span style=\"font-family: Arial, serif;\"><span style=\"font-size: small;\">Gure aditu-taldeak ezagutza zabala du, eta zurekin partekatzeko irrikan daude.<\/span><\/span><\/span><\/span><\/p><p><span style=\"font-family: Times New Roman, serif;\"><span style=\"font-size: medium;\"><span style=\"font-family: Arial, serif;\"><span style=\"font-size: small;\">Gure egitekoa mekanizazioaren industria hobetzea da, produkturik eta zerbitzurik onena soilik eskainiz, zure eragiketek arazorik gabe eta eraginkortasunez funtzionatzen dutela bermatzeko.<\/span><\/span><\/span><\/span><\/p><p><span style=\"font-family: Times New Roman, serif;\"><span style=\"font-size: medium;\"><span style=\"font-family: Arial, serif;\"><span style=\"font-size: small;\">Zerbitzu paregabea, abangoardiako tresnak eta zure arrakastaz benetan arduratzen den taldea bilatzen badituzu,<\/span><\/span><\/span><\/span><\/p><p><span style=\"font-family: Times New Roman, serif;\"><span style=\"font-size: medium;\"><span style=\"font-family: Arial, serif;\"><span style=\"font-size: small;\">Ez bilatu gehiago!<\/span><\/span><\/span><\/span><\/p><p><span style=\"font-family: Times New Roman, serif;\"><span style=\"font-size: medium;\"><span style=\"font-family: Arial, serif;\"><span style=\"font-size: small;\">Zure fabrikazio-esperientzia ohikotasunetik ohiz kanpokora eramaten lagunduko diguzu.<\/span><\/span><\/span><\/span><\/p>\t\t\t\t\t\t\t\t<\/div>\n\t\t\t\t<\/div>\n\t\t\t\t<div class=\"elementor-element elementor-element-7c5bed5 elementor-widget__width-initial elementor-widget elementor-widget-image\" data-id=\"7c5bed5\" data-element_type=\"widget\" data-e-type=\"widget\" data-widget_type=\"image.default\">\n\t\t\t\t<div class=\"elementor-widget-container\">\n\t\t\t\t\t\t\t\t\t\t\t\t\t\t\t<img fetchpriority=\"high\" decoding=\"async\" width=\"718\" height=\"718\" src=\"https:\/\/evols360.com\/wp-content\/uploads\/2023\/12\/Evols-Logo-02.png\" class=\"attachment-large size-large wp-image-23\" alt=\"\" srcset=\"https:\/\/evols360.com\/wp-content\/uploads\/2023\/12\/Evols-Logo-02.png 718w, https:\/\/evols360.com\/wp-content\/uploads\/2023\/12\/Evols-Logo-02-300x300.png 300w, https:\/\/evols360.com\/wp-content\/uploads\/2023\/12\/Evols-Logo-02-150x150.png 150w, https:\/\/evols360.com\/wp-content\/uploads\/2023\/12\/Evols-Logo-02-12x12.png 12w\" sizes=\"(max-width: 718px) 100vw, 718px\" \/>\t\t\t\t\t\t\t\t\t\t\t\t\t\t\t<\/div>\n\t\t\t\t<\/div>\n\t\t\t\t<\/div>\n\t\t\t\t\t<\/div>\n\t\t\t\t<\/div>\n\t\t\t\t<\/div>","protected":false},"excerpt":{"rendered":"<p>Quienes somos Nos complace presentarnos como especialistas en \u00a0la sujeci\u00f3n de herramientas. Ofrecemos una amplia variedad de productos de primera calidad, como: &#8211; Portaherramientas &#8211; M\u00e1quinas de Inducci\u00f3n. &#8211; Equipos de presetting. &#8211; Maquinas de equilibrado. &#8211; Herramientas de corte &#8211; Y mucho m\u00e1s \u2026.. Nuestro equipo de expertos posee amplio conocimiento que est\u00e1n deseando [&hellip;]<\/p>\n","protected":false},"author":1,"featured_media":0,"parent":0,"menu_order":0,"comment_status":"closed","ping_status":"closed","template":"","meta":{"footnotes":""},"class_list":["post-2","page","type-page","status-publish","hentry"],"yoast_head":"<!-- This site is optimized with the Yoast SEO plugin v27.5 - https:\/\/yoast.com\/product\/yoast-seo-wordpress\/ -->\n<title>Inicio - Evols 360 S.L.<\/title>\n<meta name=\"robots\" content=\"index, follow, max-snippet:-1, max-image-preview:large, max-video-preview:-1\" \/>\n<link rel=\"canonical\" href=\"https:\/\/evols360.com\/eu\/\" \/>\n<meta property=\"og:locale\" content=\"en_US\" \/>\n<meta property=\"og:type\" content=\"article\" \/>\n<meta property=\"og:title\" content=\"Inicio - Evols 360 S.L.\" \/>\n<meta property=\"og:description\" content=\"Quienes somos Nos complace presentarnos como especialistas en \u00a0la sujeci\u00f3n de herramientas. Ofrecemos una amplia variedad de productos de primera calidad, como: &#8211; Portaherramientas &#8211; M\u00e1quinas de Inducci\u00f3n. &#8211; Equipos de presetting. &#8211; Maquinas de equilibrado. &#8211; Herramientas de corte &#8211; Y mucho m\u00e1s \u2026.. Nuestro equipo de expertos posee amplio conocimiento que est\u00e1n deseando [&hellip;]\" \/>\n<meta property=\"og:url\" content=\"https:\/\/evols360.com\/eu\/\" \/>\n<meta property=\"og:site_name\" content=\"Evols 360 S.L.\" \/>\n<meta property=\"article:modified_time\" content=\"2024-01-22T08:27:53+00:00\" \/>\n<meta property=\"og:image\" content=\"https:\/\/evols360.com\/wp-content\/uploads\/2023\/12\/Evols-Logo-02.png\" \/>\n<meta name=\"twitter:card\" content=\"summary_large_image\" \/>\n<meta name=\"twitter:label1\" content=\"Est. reading time\" \/>\n\t<meta name=\"twitter:data1\" content=\"1 minutua\" \/>\n<script type=\"application\/ld+json\" class=\"yoast-schema-graph\">{\"@context\":\"https:\\\/\\\/schema.org\",\"@graph\":[{\"@type\":\"WebPage\",\"@id\":\"https:\\\/\\\/evols360.com\\\/\",\"url\":\"https:\\\/\\\/evols360.com\\\/\",\"name\":\"Inicio - Evols 360 S.L.\",\"isPartOf\":{\"@id\":\"https:\\\/\\\/evols360.com\\\/#website\"},\"primaryImageOfPage\":{\"@id\":\"https:\\\/\\\/evols360.com\\\/#primaryimage\"},\"image\":{\"@id\":\"https:\\\/\\\/evols360.com\\\/#primaryimage\"},\"thumbnailUrl\":\"https:\\\/\\\/evols360.com\\\/wp-content\\\/uploads\\\/2023\\\/12\\\/Evols-Logo-02.png\",\"datePublished\":\"2023-12-11T17:17:48+00:00\",\"dateModified\":\"2024-01-22T08:27:53+00:00\",\"breadcrumb\":{\"@id\":\"https:\\\/\\\/evols360.com\\\/#breadcrumb\"},\"inLanguage\":\"eu\",\"potentialAction\":[{\"@type\":\"ReadAction\",\"target\":[\"https:\\\/\\\/evols360.com\\\/\"]}]},{\"@type\":\"ImageObject\",\"inLanguage\":\"eu\",\"@id\":\"https:\\\/\\\/evols360.com\\\/#primaryimage\",\"url\":\"https:\\\/\\\/evols360.com\\\/wp-content\\\/uploads\\\/2023\\\/12\\\/Evols-Logo-02.png\",\"contentUrl\":\"https:\\\/\\\/evols360.com\\\/wp-content\\\/uploads\\\/2023\\\/12\\\/Evols-Logo-02.png\"},{\"@type\":\"BreadcrumbList\",\"@id\":\"https:\\\/\\\/evols360.com\\\/#breadcrumb\",\"itemListElement\":[{\"@type\":\"ListItem\",\"position\":1,\"name\":\"Portada\",\"item\":\"https:\\\/\\\/evols360.com\\\/\"},{\"@type\":\"ListItem\",\"position\":2,\"name\":\"Inicio\"}]},{\"@type\":\"WebSite\",\"@id\":\"https:\\\/\\\/evols360.com\\\/#website\",\"url\":\"https:\\\/\\\/evols360.com\\\/\",\"name\":\"Evols 360 S.L.\",\"description\":\"EVOLS360 Tooling\",\"publisher\":{\"@id\":\"https:\\\/\\\/evols360.com\\\/#organization\"},\"potentialAction\":[{\"@type\":\"SearchAction\",\"target\":{\"@type\":\"EntryPoint\",\"urlTemplate\":\"https:\\\/\\\/evols360.com\\\/?s={search_term_string}\"},\"query-input\":{\"@type\":\"PropertyValueSpecification\",\"valueRequired\":true,\"valueName\":\"search_term_string\"}}],\"inLanguage\":\"eu\"},{\"@type\":\"Organization\",\"@id\":\"https:\\\/\\\/evols360.com\\\/#organization\",\"name\":\"Evols 360 S.L.\",\"url\":\"https:\\\/\\\/evols360.com\\\/\",\"logo\":{\"@type\":\"ImageObject\",\"inLanguage\":\"eu\",\"@id\":\"https:\\\/\\\/evols360.com\\\/#\\\/schema\\\/logo\\\/image\\\/\",\"url\":\"https:\\\/\\\/evols360.com\\\/wp-content\\\/uploads\\\/2023\\\/12\\\/cropped-Evols-Logo_Mesa-de-trabajo-1.png\",\"contentUrl\":\"https:\\\/\\\/evols360.com\\\/wp-content\\\/uploads\\\/2023\\\/12\\\/cropped-Evols-Logo_Mesa-de-trabajo-1.png\",\"width\":1920,\"height\":718,\"caption\":\"Evols 360 S.L.\"},\"image\":{\"@id\":\"https:\\\/\\\/evols360.com\\\/#\\\/schema\\\/logo\\\/image\\\/\"}}]}<\/script>\n<!-- \/ Yoast SEO plugin. -->","yoast_head_json":{"title":"Inicio - Evols 360 S.L.","robots":{"index":"index","follow":"follow","max-snippet":"max-snippet:-1","max-image-preview":"max-image-preview:large","max-video-preview":"max-video-preview:-1"},"canonical":"https:\/\/evols360.com\/eu\/","og_locale":"en_US","og_type":"article","og_title":"Inicio - Evols 360 S.L.","og_description":"Quienes somos Nos complace presentarnos como especialistas en \u00a0la sujeci\u00f3n de herramientas. Ofrecemos una amplia variedad de productos de primera calidad, como: &#8211; Portaherramientas &#8211; M\u00e1quinas de Inducci\u00f3n. &#8211; Equipos de presetting. &#8211; Maquinas de equilibrado. &#8211; Herramientas de corte &#8211; Y mucho m\u00e1s \u2026.. Nuestro equipo de expertos posee amplio conocimiento que est\u00e1n deseando [&hellip;]","og_url":"https:\/\/evols360.com\/eu\/","og_site_name":"Evols 360 S.L.","article_modified_time":"2024-01-22T08:27:53+00:00","og_image":[{"url":"https:\/\/evols360.com\/wp-content\/uploads\/2023\/12\/Evols-Logo-02.png","type":"","width":"","height":""}],"twitter_card":"summary_large_image","twitter_misc":{"Est. reading time":"1 minutua"},"schema":{"@context":"https:\/\/schema.org","@graph":[{"@type":"WebPage","@id":"https:\/\/evols360.com\/","url":"https:\/\/evols360.com\/","name":"Inicio - Evols 360 S.L.","isPartOf":{"@id":"https:\/\/evols360.com\/#website"},"primaryImageOfPage":{"@id":"https:\/\/evols360.com\/#primaryimage"},"image":{"@id":"https:\/\/evols360.com\/#primaryimage"},"thumbnailUrl":"https:\/\/evols360.com\/wp-content\/uploads\/2023\/12\/Evols-Logo-02.png","datePublished":"2023-12-11T17:17:48+00:00","dateModified":"2024-01-22T08:27:53+00:00","breadcrumb":{"@id":"https:\/\/evols360.com\/#breadcrumb"},"inLanguage":"eu","potentialAction":[{"@type":"ReadAction","target":["https:\/\/evols360.com\/"]}]},{"@type":"ImageObject","inLanguage":"eu","@id":"https:\/\/evols360.com\/#primaryimage","url":"https:\/\/evols360.com\/wp-content\/uploads\/2023\/12\/Evols-Logo-02.png","contentUrl":"https:\/\/evols360.com\/wp-content\/uploads\/2023\/12\/Evols-Logo-02.png"},{"@type":"BreadcrumbList","@id":"https:\/\/evols360.com\/#breadcrumb","itemListElement":[{"@type":"ListItem","position":1,"name":"Portada","item":"https:\/\/evols360.com\/"},{"@type":"ListItem","position":2,"name":"Inicio"}]},{"@type":"WebSite","@id":"https:\/\/evols360.com\/#website","url":"https:\/\/evols360.com\/","name":"Evols 360 S.L.","description":"EVOLS360 Tooling","publisher":{"@id":"https:\/\/evols360.com\/#organization"},"potentialAction":[{"@type":"SearchAction","target":{"@type":"EntryPoint","urlTemplate":"https:\/\/evols360.com\/?s={search_term_string}"},"query-input":{"@type":"PropertyValueSpecification","valueRequired":true,"valueName":"search_term_string"}}],"inLanguage":"eu"},{"@type":"Organization","@id":"https:\/\/evols360.com\/#organization","name":"Evols 360 S.L.","url":"https:\/\/evols360.com\/","logo":{"@type":"ImageObject","inLanguage":"eu","@id":"https:\/\/evols360.com\/#\/schema\/logo\/image\/","url":"https:\/\/evols360.com\/wp-content\/uploads\/2023\/12\/cropped-Evols-Logo_Mesa-de-trabajo-1.png","contentUrl":"https:\/\/evols360.com\/wp-content\/uploads\/2023\/12\/cropped-Evols-Logo_Mesa-de-trabajo-1.png","width":1920,"height":718,"caption":"Evols 360 S.L."},"image":{"@id":"https:\/\/evols360.com\/#\/schema\/logo\/image\/"}}]}},"_links":{"self":[{"href":"https:\/\/evols360.com\/eu\/wp-json\/wp\/v2\/pages\/2","targetHints":{"allow":["GET"]}}],"collection":[{"href":"https:\/\/evols360.com\/eu\/wp-json\/wp\/v2\/pages"}],"about":[{"href":"https:\/\/evols360.com\/eu\/wp-json\/wp\/v2\/types\/page"}],"author":[{"embeddable":true,"href":"https:\/\/evols360.com\/eu\/wp-json\/wp\/v2\/users\/1"}],"replies":[{"embeddable":true,"href":"https:\/\/evols360.com\/eu\/wp-json\/wp\/v2\/comments?post=2"}],"version-history":[{"count":127,"href":"https:\/\/evols360.com\/eu\/wp-json\/wp\/v2\/pages\/2\/revisions"}],"predecessor-version":[{"id":746,"href":"https:\/\/evols360.com\/eu\/wp-json\/wp\/v2\/pages\/2\/revisions\/746"}],"wp:attachment":[{"href":"https:\/\/evols360.com\/eu\/wp-json\/wp\/v2\/media?parent=2"}],"curies":[{"name":"wp","href":"https:\/\/api.w.org\/{rel}","templated":true}]}}